{"id":892,"date":"2026-02-04T12:21:48","date_gmt":"2026-02-04T12:21:48","guid":{"rendered":"https:\/\/lfs.paris\/?page_id=892"},"modified":"2026-02-16T18:25:03","modified_gmt":"2026-02-16T18:25:03","slug":"zones-dinterventions","status":"publish","type":"page","link":"https:\/\/lfs.paris\/index.php\/zones-dinterventions\/","title":{"rendered":"Zones d&rsquo;interventions"},"content":{"rendered":"\t\t<div data-elementor-type=\"wp-page\" data-elementor-id=\"892\" class=\"elementor elementor-892\" data-elementor-post-type=\"page\">\n\t\t\t\t<div class=\"elementor-element elementor-element-866438d e-flex e-con-boxed wpr-particle-no wpr-jarallax-no wpr-parallax-no wpr-sticky-section-no e-con e-parent\" data-id=\"866438d\" data-element_type=\"container\" data-settings=\"{&quot;background_background&quot;:&quot;classic&quot;}\">\n\t\t\t\t\t<div class=\"e-con-inner\">\n\t\t\t\t<div class=\"elementor-element elementor-element-ae30b5e elementor-widget elementor-widget-spacer\" data-id=\"ae30b5e\" data-element_type=\"widget\" data-widget_type=\"spacer.default\">\n\t\t\t\t\t\t\t<div class=\"elementor-spacer\">\n\t\t\t<div class=\"elementor-spacer-inner\"><\/div>\n\t\t<\/div>\n\t\t\t\t\t\t<\/div>\n\t\t\t\t<div class=\"elementor-element elementor-element-6f7681b elementor-widget elementor-widget-heading\" data-id=\"6f7681b\" data-element_type=\"widget\" data-widget_type=\"heading.default\">\n\t\t\t\t\t<h2 class=\"elementor-heading-title elementor-size-default\">zONE D'INTERVENTION<\/h2>\t\t\t\t<\/div>\n\t\t\t\t<div class=\"elementor-element elementor-element-954f314 elementor-widget elementor-widget-spacer\" data-id=\"954f314\" data-element_type=\"widget\" data-widget_type=\"spacer.default\">\n\t\t\t\t\t\t\t<div class=\"elementor-spacer\">\n\t\t\t<div class=\"elementor-spacer-inner\"><\/div>\n\t\t<\/div>\n\t\t\t\t\t\t<\/div>\n\t\t\t\t\t<\/div>\n\t\t\t\t<\/div>\n\t\t<div class=\"elementor-element elementor-element-eed7fa8 e-flex e-con-boxed wpr-particle-no wpr-jarallax-no wpr-parallax-no wpr-sticky-section-no e-con e-parent\" data-id=\"eed7fa8\" data-element_type=\"container\">\n\t\t\t\t\t<div class=\"e-con-inner\">\n\t\t\t\t<div class=\"elementor-element elementor-element-f38dd65 elementor-widget elementor-widget-html\" data-id=\"f38dd65\" data-element_type=\"widget\" data-widget_type=\"html.default\">\n\t\t\t\t\t<!doctype html>\n<html lang=\"fr\">\n<head>\n  <meta charset=\"utf-8\" \/>\n  <meta name=\"viewport\" content=\"width=device-width, initial-scale=1\" \/>\n  <title>Zones d\u2019intervention \u2014 Les Francs Serruriers<\/title>\n\n  <!-- Polices demand\u00e9es -->\n  <link rel=\"preconnect\" href=\"https:\/\/fonts.googleapis.com\">\n  <link rel=\"preconnect\" href=\"https:\/\/fonts.gstatic.com\" crossorigin>\n  <link href=\"https:\/\/fonts.googleapis.com\/css2?family=Montserrat:wght@400;500;600;700&family=Racing+Sans+One&display=swap\" rel=\"stylesheet\">\n\n  <style>\n    :root{\n      --title: #0F2954;            \/* couleur gros titre *\/\n      --text: #1f2a37;             \/* texte fonc\u00e9 *\/\n      --muted: #55657a;            \/* sous-texte *\/\n      --bg: #ffffff;               \/* fond blanc *\/\n      --soft: #f4f6fb;             \/* fond section l\u00e9ger *\/\n      --line: #e6eaf2;             \/* bordures *\/\n      --radius: 16px;\n      --max: 1120px;\n      --shadow: 0 10px 28px rgba(15, 41, 84, .08);\n    }\n\n    *{ box-sizing: border-box; }\n    body{\n      margin: 0;\n      background: var(--bg);\n      color: var(--text);\n      font-family: \"Montserrat\", system-ui, -apple-system, Segoe UI, Roboto, Arial, sans-serif;\n      line-height: 1.55;\n    }\n\n    .container{\n      max-width: var(--max);\n      margin: 0 auto;\n      padding: 0 18px;\n    }\n\n    \/* Section style \u201csite actuel\u201d : fond clair + gros titre tr\u00e8s lisible *\/\n    .zone-section{\n      padding: 70px 0 60px;\n      background:\n        radial-gradient(900px 500px at 15% 5%, rgba(15,41,84,.07), transparent 60%),\n        radial-gradient(900px 500px at 85% 0%, rgba(15,41,84,.06), transparent 55%),\n        linear-gradient(180deg, #ffffff 0%, var(--soft) 100%);\n      border-top: 1px solid var(--line);\n      border-bottom: 1px solid var(--line);\n    }\n\n    .eyebrow{\n      display: inline-flex;\n      gap: 10px;\n      align-items: center;\n      font-weight: 700;\n      color: var(--title);\n      letter-spacing: .02em;\n      text-transform: uppercase;\n      font-size: 12px;\n      margin-bottom: 14px;\n    }\n    .eyebrow .dot{\n      width: 10px; height: 10px; border-radius: 999px;\n      background: var(--title);\n      opacity: .85;\n    }\n\n    h1{\n      margin: 0 0 12px;\n      font-family: \"Racing Sans One\", system-ui, sans-serif;\n      font-weight: 400;\n      color: var(--title);\n      font-size: clamp(34px, 4.2vw, 56px);\n      line-height: 1.05;\n      letter-spacing: .2px;\n    }\n\n    .subtitle{\n      margin: 0 0 26px;\n      color: var(--muted);\n      font-size: 16px;\n      max-width: 78ch;\n    }\n\n    .lead{\n      margin: 0 0 26px;\n      color: var(--text);\n      font-size: 15px;\n      max-width: 90ch;\n    }\n\n    .grid{\n      display: grid;\n      grid-template-columns: repeat(2, minmax(0, 1fr));\n      gap: 14px;\n      margin-top: 12px;\n    }\n\n    .card{\n      background: #fff;\n      border: 1px solid var(--line);\n      border-radius: var(--radius);\n      box-shadow: var(--shadow);\n      padding: 18px 18px 16px;\n    }\n\n    .dept-title{\n      margin: 0 0 10px;\n      color: var(--title);\n      font-weight: 800;\n      font-size: 15px;\n      letter-spacing: .2px;\n      display: flex;\n      gap: 10px;\n      align-items: baseline;\n      flex-wrap: wrap;\n    }\n    .dept-title span{\n      font-weight: 600;\n      color: var(--muted);\n      font-size: 13px;\n    }\n\n    .cities{\n      margin: 0;\n      color: var(--text);\n      font-size: 14px;\n      line-height: 1.65;\n    }\n\n    .note{\n      margin-top: 18px;\n      background: #fff;\n      border: 1px solid var(--line);\n      border-left: 6px solid var(--title);\n      border-radius: var(--radius);\n      padding: 14px 16px;\n      box-shadow: var(--shadow);\n      color: var(--text);\n      font-size: 14px;\n    }\n\n    @media (max-width: 900px){\n      .zone-section{ padding: 54px 0 44px; }\n      .grid{ grid-template-columns: 1fr; }\n    }\n  <\/style>\n<\/head>\n\n<body>\n  <section class=\"zone-section\" id=\"zone-intervention\">\n    <div class=\"container\">\n      <div class=\"eyebrow\"><span class=\"dot\"><\/span> Zone d\u2019intervention<\/div>\n\n      <h1>Paris & \u00cele-de-France<\/h1>\n\n      <p class=\"subtitle\">\n        LFS intervient 7j\/7 pour tous vos besoins en serrurerie : ouverture de porte, changement de serrure, blindage de porte,\n        d\u00e9pannage d\u2019urgence et mise en s\u00e9curit\u00e9 apr\u00e8s effraction.\n      <\/p>\n\n      <p class=\"lead\">\n        Nous intervenons rapidement \u00e0 Paris et dans toute l\u2019\u00cele-de-France.\n      <\/p>\n\n      <div class=\"grid\">\n        <div class=\"card\">\n          <p class=\"dept-title\">\ud83d\udccd Paris (75) <span>Arrondissements<\/span><\/p>\n          <p class=\"cities\">Paris 1er, 2e, 3e, 4e, 5e, 6e, 7e, 8e, 9e, 10e, 11e, 12e, 13e, 14e, 15e, 16e, 17e, 18e, 19e, 20e.<\/p>\n        <\/div>\n\n        <div class=\"card\">\n          <p class=\"dept-title\">\ud83d\udccd Hauts-de-Seine (92)<\/p>\n          <p class=\"cities\">Boulogne-Billancourt, Neuilly-sur-Seine, Levallois-Perret, Courbevoie, Nanterre, Colombes, Asni\u00e8res-sur-Seine, Rueil-Malmaison, Clamart, Issy-les-Moulineaux, Montrouge, Suresnes, Puteaux, Vanves, Malakoff, Ch\u00e2tillon, Bagneux, Antony, Bourg-la-Reine, Sceaux, Ch\u00e2tenay-Malabry, Meudon.<\/p>\n        <\/div>\n\n        <div class=\"card\">\n          <p class=\"dept-title\">\ud83d\udccd Seine-Saint-Denis (93)<\/p>\n          <p class=\"cities\">Saint-Denis, Montreuil, Aubervilliers, Pantin, Bobigny, Drancy, Bondy, Noisy-le-Sec, Le Raincy, Les Lilas, Bagnolet, Romainville, Villemomble, Rosny-sous-Bois, Neuilly-sur-Marne, Gagny, Livry-Gargan, Aulnay-sous-Bois, Sevran, Tremblay-en-France, Villepinte, \u00c9pinay-sur-Seine.<\/p>\n        <\/div>\n\n        <div class=\"card\">\n          <p class=\"dept-title\">\ud83d\udccd Val-de-Marne (94)<\/p>\n          <p class=\"cities\">Vincennes, Saint-Mand\u00e9, Charenton-le-Pont, Ivry-sur-Seine, Vitry-sur-Seine, Cr\u00e9teil, Maisons-Alfort, Alfortville, Fontenay-sous-Bois, Nogent-sur-Marne, Joinville-le-Pont, Le Perreux-sur-Marne, Bry-sur-Marne, Champigny-sur-Marne, Villiers-sur-Marne, Chennevi\u00e8res-sur-Marne, Orly, Thiais, Choisy-le-Roi, Fresnes, L\u2019Ha\u00ff-les-Roses, Cachan, Arcueil, Gentilly, Villejuif.<\/p>\n        <\/div>\n\n        <div class=\"card\">\n          <p class=\"dept-title\">\ud83d\udccd Yvelines (78)<\/p>\n          <p class=\"cities\">Versailles, Saint-Germain-en-Laye, Poissy, Sartrouville, Houilles, Chatou, Le V\u00e9sinet, Montesson, Conflans-Sainte-Honorine, Maisons-Laffitte, Le Pecq, Marly-le-Roi, Croissy-sur-Seine, Rambouillet, \u00c9lancourt, Trappes, Plaisir, Les Clayes-sous-Bois, Montigny-le-Bretonneux, Guyancourt, Voisins-le-Bretonneux, Mantes-la-Jolie, Mantes-la-Ville, Limay.<\/p>\n        <\/div>\n\n        <div class=\"card\">\n          <p class=\"dept-title\">\ud83d\udccd Essonne (91)<\/p>\n          <p class=\"cities\">\u00c9vry-Courcouronnes, Corbeil-Essonnes, Massy, Palaiseau, Longjumeau, Antony, Savigny-sur-Orge, Sainte-Genevi\u00e8ve-des-Bois, Athis-Mons, Juvisy-sur-Orge, Viry-Ch\u00e2tillon, Draveil, Yerres, Brunoy, Montgeron, Ris-Orangis, Grigny, Bondoufle, Lisses, Mennecy, Arpajon, Br\u00e9tigny-sur-Orge, \u00c9tampes.<\/p>\n        <\/div>\n\n        <div class=\"card\">\n          <p class=\"dept-title\">\ud83d\udccd Val-d\u2019Oise (95)<\/p>\n          <p class=\"cities\">Argenteuil, Cergy, Pontoise, Franconville, Ermont, Eaubonne, Sannois, Herblay-sur-Seine, Bezons, Sarcelles, Garges-l\u00e8s-Gonesse, Villiers-le-Bel, Deuil-la-Barre, Montmagny, Enghien-les-Bains, Soisy-sous-Montmorency, Taverny, Saint-Gratien, Pierrelaye, Osny.<\/p>\n        <\/div>\n\n        <div class=\"card\">\n          <p class=\"dept-title\">\ud83d\udccd Seine-et-Marne (77)<\/p>\n          <p class=\"cities\">Meaux, Chelles, Melun, Pontault-Combault, Champs-sur-Marne, Noisy-le-Grand, Torcy, Lognes, Roissy-en-Brie, Ozoir-la-Ferri\u00e8re, Lagny-sur-Marne, Bussy-Saint-Georges, Serris, Chessy, Montereau-Fault-Yonne, Fontainebleau, Avon, Nemours, Combs-la-Ville, Savigny-le-Temple, Lieusaint.<\/p>\n        <\/div>\n      <\/div>\n\n      <div class=\"note\">\n        \u201cNos serruriers se d\u00e9placent rapidement, avec devis gratuit et interventions conformes aux exigences des compagnies d\u2019assurance (facture fournie pour remboursement).\u201d\n      <\/div>\n    <\/div>\n  <\/section>\n<\/body>\n<\/html>\n\t\t\t\t<\/div>\n\t\t\t\t\t<\/div>\n\t\t\t\t<\/div>\n\t\t\t\t<\/div>\n\t\t","protected":false},"excerpt":{"rendered":"<p>zONE D&rsquo;INTERVENTION Zones d\u2019intervention \u2014 Les Francs Serruriers Zone d\u2019intervention Paris &#038; \u00cele-de-France LFS intervient 7j\/7 pour tous vos besoins en serrurerie : ouverture de porte, changement de serrure, blindage de porte, d\u00e9pannage d\u2019urgence et mise en s\u00e9curit\u00e9 apr\u00e8s effraction. Nous intervenons rapidement \u00e0 Paris et dans toute l\u2019\u00cele-de-France. \ud83d\udccd Paris (75) Arrondissements Paris 1er, 2e, 3e, 4e, 5e, 6e, 7e, 8e, 9e, 10e, 11e, 12e, 13e, 14e, 15e, 16e, 17e, 18e, 19e, 20e. \ud83d\udccd Hauts-de-Seine (92) Boulogne-Billancourt, Neuilly-sur-Seine, Levallois-Perret, Courbevoie, Nanterre, Colombes, Asni\u00e8res-sur-Seine, Rueil-Malmaison, Clamart, Issy-les-Moulineaux, Montrouge, Suresnes, Puteaux, Vanves, Malakoff, Ch\u00e2tillon, Bagneux, Antony, Bourg-la-Reine, Sceaux, Ch\u00e2tenay-Malabry, Meudon. \ud83d\udccd Seine-Saint-Denis (93) Saint-Denis, Montreuil, Aubervilliers, Pantin, Bobigny, Drancy, Bondy, Noisy-le-Sec, Le Raincy, Les Lilas, Bagnolet, Romainville, Villemomble, Rosny-sous-Bois, Neuilly-sur-Marne, Gagny, Livry-Gargan, Aulnay-sous-Bois, Sevran, Tremblay-en-France, Villepinte, \u00c9pinay-sur-Seine. \ud83d\udccd Val-de-Marne (94) Vincennes, Saint-Mand\u00e9, Charenton-le-Pont, Ivry-sur-Seine, Vitry-sur-Seine, Cr\u00e9teil, Maisons-Alfort, Alfortville, Fontenay-sous-Bois, Nogent-sur-Marne, Joinville-le-Pont, Le Perreux-sur-Marne, Bry-sur-Marne, Champigny-sur-Marne, Villiers-sur-Marne, Chennevi\u00e8res-sur-Marne, Orly, Thiais, Choisy-le-Roi, Fresnes, L\u2019Ha\u00ff-les-Roses, Cachan, Arcueil, Gentilly, Villejuif. \ud83d\udccd Yvelines (78) Versailles, Saint-Germain-en-Laye, Poissy, Sartrouville, Houilles, Chatou, Le V\u00e9sinet, Montesson, Conflans-Sainte-Honorine, Maisons-Laffitte, Le Pecq, Marly-le-Roi, Croissy-sur-Seine, Rambouillet, \u00c9lancourt, Trappes, Plaisir, Les Clayes-sous-Bois, Montigny-le-Bretonneux, Guyancourt, Voisins-le-Bretonneux, Mantes-la-Jolie, Mantes-la-Ville, Limay. \ud83d\udccd Essonne (91) \u00c9vry-Courcouronnes, Corbeil-Essonnes, Massy, Palaiseau, Longjumeau, Antony, Savigny-sur-Orge, Sainte-Genevi\u00e8ve-des-Bois, Athis-Mons, Juvisy-sur-Orge, Viry-Ch\u00e2tillon, Draveil, Yerres, Brunoy, Montgeron, Ris-Orangis, Grigny, Bondoufle, Lisses, Mennecy, Arpajon, Br\u00e9tigny-sur-Orge, \u00c9tampes. \ud83d\udccd Val-d\u2019Oise (95) Argenteuil, Cergy, Pontoise, Franconville, Ermont, Eaubonne, Sannois, Herblay-sur-Seine, Bezons, Sarcelles, Garges-l\u00e8s-Gonesse, Villiers-le-Bel, Deuil-la-Barre, Montmagny, Enghien-les-Bains, Soisy-sous-Montmorency, Taverny, Saint-Gratien, Pierrelaye, Osny. \ud83d\udccd Seine-et-Marne (77) Meaux, Chelles, Melun, Pontault-Combault, Champs-sur-Marne, Noisy-le-Grand, Torcy, Lognes, Roissy-en-Brie, Ozoir-la-Ferri\u00e8re, Lagny-sur-Marne, Bussy-Saint-Georges, Serris, Chessy, Montereau-Fault-Yonne, Fontainebleau, Avon, Nemours, Combs-la-Ville, Savigny-le-Temple, Lieusaint. \u201cNos serruriers se d\u00e9placent rapidement, avec devis gratuit et interventions conformes aux exigences des compagnies d\u2019assurance (facture fournie pour remboursement).\u201d<\/p>\n","protected":false},"author":2,"featured_media":0,"parent":0,"menu_order":0,"comment_status":"closed","ping_status":"closed","template":"","meta":{"footnotes":""},"class_list":["post-892","page","type-page","status-publish","hentry"],"yoast_head":"<!-- This site is optimized with the Yoast SEO plugin v26.8 - https:\/\/yoast.com\/product\/yoast-seo-wordpress\/ -->\n<title>Zones d&#039;interventions - Les francs serruriers<\/title>\n<meta name=\"robots\" content=\"index, follow, max-snippet:-1, max-image-preview:large, max-video-preview:-1\" \/>\n<link rel=\"canonical\" href=\"https:\/\/lfs.paris\/index.php\/zones-dinterventions\/\" \/>\n<meta property=\"og:locale\" content=\"fr_FR\" \/>\n<meta property=\"og:type\" content=\"article\" \/>\n<meta property=\"og:title\" content=\"Zones d&#039;interventions - Les francs serruriers\" \/>\n<meta property=\"og:description\" content=\"zONE D&rsquo;INTERVENTION Zones d\u2019intervention \u2014 Les Francs Serruriers Zone d\u2019intervention Paris &#038; \u00cele-de-France LFS intervient 7j\/7 pour tous vos besoins en serrurerie : ouverture de porte, changement de serrure, blindage de porte, d\u00e9pannage d\u2019urgence et mise en s\u00e9curit\u00e9 apr\u00e8s effraction. Nous intervenons rapidement \u00e0 Paris et dans toute l\u2019\u00cele-de-France. \ud83d\udccd Paris (75) Arrondissements Paris 1er, 2e, 3e, 4e, 5e, 6e, 7e, 8e, 9e, 10e, 11e, 12e, 13e, 14e, 15e, 16e, 17e, 18e, 19e, 20e. \ud83d\udccd Hauts-de-Seine (92) Boulogne-Billancourt, Neuilly-sur-Seine, Levallois-Perret, Courbevoie, Nanterre, Colombes, Asni\u00e8res-sur-Seine, Rueil-Malmaison, Clamart, Issy-les-Moulineaux, Montrouge, Suresnes, Puteaux, Vanves, Malakoff, Ch\u00e2tillon, Bagneux, Antony, Bourg-la-Reine, Sceaux, Ch\u00e2tenay-Malabry, Meudon. \ud83d\udccd Seine-Saint-Denis (93) Saint-Denis, Montreuil, Aubervilliers, Pantin, Bobigny, Drancy, Bondy, Noisy-le-Sec, Le Raincy, Les Lilas, Bagnolet, Romainville, Villemomble, Rosny-sous-Bois, Neuilly-sur-Marne, Gagny, Livry-Gargan, Aulnay-sous-Bois, Sevran, Tremblay-en-France, Villepinte, \u00c9pinay-sur-Seine. \ud83d\udccd Val-de-Marne (94) Vincennes, Saint-Mand\u00e9, Charenton-le-Pont, Ivry-sur-Seine, Vitry-sur-Seine, Cr\u00e9teil, Maisons-Alfort, Alfortville, Fontenay-sous-Bois, Nogent-sur-Marne, Joinville-le-Pont, Le Perreux-sur-Marne, Bry-sur-Marne, Champigny-sur-Marne, Villiers-sur-Marne, Chennevi\u00e8res-sur-Marne, Orly, Thiais, Choisy-le-Roi, Fresnes, L\u2019Ha\u00ff-les-Roses, Cachan, Arcueil, Gentilly, Villejuif. \ud83d\udccd Yvelines (78) Versailles, Saint-Germain-en-Laye, Poissy, Sartrouville, Houilles, Chatou, Le V\u00e9sinet, Montesson, Conflans-Sainte-Honorine, Maisons-Laffitte, Le Pecq, Marly-le-Roi, Croissy-sur-Seine, Rambouillet, \u00c9lancourt, Trappes, Plaisir, Les Clayes-sous-Bois, Montigny-le-Bretonneux, Guyancourt, Voisins-le-Bretonneux, Mantes-la-Jolie, Mantes-la-Ville, Limay. \ud83d\udccd Essonne (91) \u00c9vry-Courcouronnes, Corbeil-Essonnes, Massy, Palaiseau, Longjumeau, Antony, Savigny-sur-Orge, Sainte-Genevi\u00e8ve-des-Bois, Athis-Mons, Juvisy-sur-Orge, Viry-Ch\u00e2tillon, Draveil, Yerres, Brunoy, Montgeron, Ris-Orangis, Grigny, Bondoufle, Lisses, Mennecy, Arpajon, Br\u00e9tigny-sur-Orge, \u00c9tampes. \ud83d\udccd Val-d\u2019Oise (95) Argenteuil, Cergy, Pontoise, Franconville, Ermont, Eaubonne, Sannois, Herblay-sur-Seine, Bezons, Sarcelles, Garges-l\u00e8s-Gonesse, Villiers-le-Bel, Deuil-la-Barre, Montmagny, Enghien-les-Bains, Soisy-sous-Montmorency, Taverny, Saint-Gratien, Pierrelaye, Osny. \ud83d\udccd Seine-et-Marne (77) Meaux, Chelles, Melun, Pontault-Combault, Champs-sur-Marne, Noisy-le-Grand, Torcy, Lognes, Roissy-en-Brie, Ozoir-la-Ferri\u00e8re, Lagny-sur-Marne, Bussy-Saint-Georges, Serris, Chessy, Montereau-Fault-Yonne, Fontainebleau, Avon, Nemours, Combs-la-Ville, Savigny-le-Temple, Lieusaint. \u201cNos serruriers se d\u00e9placent rapidement, avec devis gratuit et interventions conformes aux exigences des compagnies d\u2019assurance (facture fournie pour remboursement).\u201d\" \/>\n<meta property=\"og:url\" content=\"https:\/\/lfs.paris\/index.php\/zones-dinterventions\/\" \/>\n<meta property=\"og:site_name\" content=\"Les francs serruriers\" \/>\n<meta property=\"article:modified_time\" content=\"2026-02-16T18:25:03+00:00\" \/>\n<meta name=\"twitter:card\" content=\"summary_large_image\" \/>\n<meta name=\"twitter:label1\" content=\"Dur\u00e9e de lecture estim\u00e9e\" \/>\n\t<meta name=\"twitter:data1\" content=\"5 minutes\" \/>\n<script type=\"application\/ld+json\" class=\"yoast-schema-graph\">{\"@context\":\"https:\/\/schema.org\",\"@graph\":[{\"@type\":\"WebPage\",\"@id\":\"https:\/\/lfs.paris\/index.php\/zones-dinterventions\/\",\"url\":\"https:\/\/lfs.paris\/index.php\/zones-dinterventions\/\",\"name\":\"Zones d'interventions - Les francs serruriers\",\"isPartOf\":{\"@id\":\"https:\/\/lfs.paris\/#website\"},\"datePublished\":\"2026-02-04T12:21:48+00:00\",\"dateModified\":\"2026-02-16T18:25:03+00:00\",\"breadcrumb\":{\"@id\":\"https:\/\/lfs.paris\/index.php\/zones-dinterventions\/#breadcrumb\"},\"inLanguage\":\"fr-FR\",\"potentialAction\":[{\"@type\":\"ReadAction\",\"target\":[\"https:\/\/lfs.paris\/index.php\/zones-dinterventions\/\"]}]},{\"@type\":\"BreadcrumbList\",\"@id\":\"https:\/\/lfs.paris\/index.php\/zones-dinterventions\/#breadcrumb\",\"itemListElement\":[{\"@type\":\"ListItem\",\"position\":1,\"name\":\"Accueil\",\"item\":\"https:\/\/lfs.paris\/\"},{\"@type\":\"ListItem\",\"position\":2,\"name\":\"Zones d&rsquo;interventions\"}]},{\"@type\":\"WebSite\",\"@id\":\"https:\/\/lfs.paris\/#website\",\"url\":\"https:\/\/lfs.paris\/\",\"name\":\"Les francs serruriers\",\"description\":\"D\u00e9pannage d&#039;urgence\",\"publisher\":{\"@id\":\"https:\/\/lfs.paris\/#organization\"},\"potentialAction\":[{\"@type\":\"SearchAction\",\"target\":{\"@type\":\"EntryPoint\",\"urlTemplate\":\"https:\/\/lfs.paris\/?s={search_term_string}\"},\"query-input\":{\"@type\":\"PropertyValueSpecification\",\"valueRequired\":true,\"valueName\":\"search_term_string\"}}],\"inLanguage\":\"fr-FR\"},{\"@type\":\"Organization\",\"@id\":\"https:\/\/lfs.paris\/#organization\",\"name\":\"Les francs serruriers\",\"url\":\"https:\/\/lfs.paris\/\",\"logo\":{\"@type\":\"ImageObject\",\"inLanguage\":\"fr-FR\",\"@id\":\"https:\/\/lfs.paris\/#\/schema\/logo\/image\/\",\"url\":\"https:\/\/lfs.paris\/wp-content\/uploads\/2026\/01\/WhatsApp-Image-2026-01-21-at-12.35.26.jpeg\",\"contentUrl\":\"https:\/\/lfs.paris\/wp-content\/uploads\/2026\/01\/WhatsApp-Image-2026-01-21-at-12.35.26.jpeg\",\"width\":1024,\"height\":1024,\"caption\":\"Les francs serruriers\"},\"image\":{\"@id\":\"https:\/\/lfs.paris\/#\/schema\/logo\/image\/\"}}]}<\/script>\n<!-- \/ Yoast SEO plugin. -->","yoast_head_json":{"title":"Zones d'interventions - Les francs serruriers","robots":{"index":"index","follow":"follow","max-snippet":"max-snippet:-1","max-image-preview":"max-image-preview:large","max-video-preview":"max-video-preview:-1"},"canonical":"https:\/\/lfs.paris\/index.php\/zones-dinterventions\/","og_locale":"fr_FR","og_type":"article","og_title":"Zones d'interventions - Les francs serruriers","og_description":"zONE D&rsquo;INTERVENTION Zones d\u2019intervention \u2014 Les Francs Serruriers Zone d\u2019intervention Paris &#038; \u00cele-de-France LFS intervient 7j\/7 pour tous vos besoins en serrurerie : ouverture de porte, changement de serrure, blindage de porte, d\u00e9pannage d\u2019urgence et mise en s\u00e9curit\u00e9 apr\u00e8s effraction. Nous intervenons rapidement \u00e0 Paris et dans toute l\u2019\u00cele-de-France. \ud83d\udccd Paris (75) Arrondissements Paris 1er, 2e, 3e, 4e, 5e, 6e, 7e, 8e, 9e, 10e, 11e, 12e, 13e, 14e, 15e, 16e, 17e, 18e, 19e, 20e. \ud83d\udccd Hauts-de-Seine (92) Boulogne-Billancourt, Neuilly-sur-Seine, Levallois-Perret, Courbevoie, Nanterre, Colombes, Asni\u00e8res-sur-Seine, Rueil-Malmaison, Clamart, Issy-les-Moulineaux, Montrouge, Suresnes, Puteaux, Vanves, Malakoff, Ch\u00e2tillon, Bagneux, Antony, Bourg-la-Reine, Sceaux, Ch\u00e2tenay-Malabry, Meudon. \ud83d\udccd Seine-Saint-Denis (93) Saint-Denis, Montreuil, Aubervilliers, Pantin, Bobigny, Drancy, Bondy, Noisy-le-Sec, Le Raincy, Les Lilas, Bagnolet, Romainville, Villemomble, Rosny-sous-Bois, Neuilly-sur-Marne, Gagny, Livry-Gargan, Aulnay-sous-Bois, Sevran, Tremblay-en-France, Villepinte, \u00c9pinay-sur-Seine. \ud83d\udccd Val-de-Marne (94) Vincennes, Saint-Mand\u00e9, Charenton-le-Pont, Ivry-sur-Seine, Vitry-sur-Seine, Cr\u00e9teil, Maisons-Alfort, Alfortville, Fontenay-sous-Bois, Nogent-sur-Marne, Joinville-le-Pont, Le Perreux-sur-Marne, Bry-sur-Marne, Champigny-sur-Marne, Villiers-sur-Marne, Chennevi\u00e8res-sur-Marne, Orly, Thiais, Choisy-le-Roi, Fresnes, L\u2019Ha\u00ff-les-Roses, Cachan, Arcueil, Gentilly, Villejuif. \ud83d\udccd Yvelines (78) Versailles, Saint-Germain-en-Laye, Poissy, Sartrouville, Houilles, Chatou, Le V\u00e9sinet, Montesson, Conflans-Sainte-Honorine, Maisons-Laffitte, Le Pecq, Marly-le-Roi, Croissy-sur-Seine, Rambouillet, \u00c9lancourt, Trappes, Plaisir, Les Clayes-sous-Bois, Montigny-le-Bretonneux, Guyancourt, Voisins-le-Bretonneux, Mantes-la-Jolie, Mantes-la-Ville, Limay. \ud83d\udccd Essonne (91) \u00c9vry-Courcouronnes, Corbeil-Essonnes, Massy, Palaiseau, Longjumeau, Antony, Savigny-sur-Orge, Sainte-Genevi\u00e8ve-des-Bois, Athis-Mons, Juvisy-sur-Orge, Viry-Ch\u00e2tillon, Draveil, Yerres, Brunoy, Montgeron, Ris-Orangis, Grigny, Bondoufle, Lisses, Mennecy, Arpajon, Br\u00e9tigny-sur-Orge, \u00c9tampes. \ud83d\udccd Val-d\u2019Oise (95) Argenteuil, Cergy, Pontoise, Franconville, Ermont, Eaubonne, Sannois, Herblay-sur-Seine, Bezons, Sarcelles, Garges-l\u00e8s-Gonesse, Villiers-le-Bel, Deuil-la-Barre, Montmagny, Enghien-les-Bains, Soisy-sous-Montmorency, Taverny, Saint-Gratien, Pierrelaye, Osny. \ud83d\udccd Seine-et-Marne (77) Meaux, Chelles, Melun, Pontault-Combault, Champs-sur-Marne, Noisy-le-Grand, Torcy, Lognes, Roissy-en-Brie, Ozoir-la-Ferri\u00e8re, Lagny-sur-Marne, Bussy-Saint-Georges, Serris, Chessy, Montereau-Fault-Yonne, Fontainebleau, Avon, Nemours, Combs-la-Ville, Savigny-le-Temple, Lieusaint. \u201cNos serruriers se d\u00e9placent rapidement, avec devis gratuit et interventions conformes aux exigences des compagnies d\u2019assurance (facture fournie pour remboursement).\u201d","og_url":"https:\/\/lfs.paris\/index.php\/zones-dinterventions\/","og_site_name":"Les francs serruriers","article_modified_time":"2026-02-16T18:25:03+00:00","twitter_card":"summary_large_image","twitter_misc":{"Dur\u00e9e de lecture estim\u00e9e":"5 minutes"},"schema":{"@context":"https:\/\/schema.org","@graph":[{"@type":"WebPage","@id":"https:\/\/lfs.paris\/index.php\/zones-dinterventions\/","url":"https:\/\/lfs.paris\/index.php\/zones-dinterventions\/","name":"Zones d'interventions - Les francs serruriers","isPartOf":{"@id":"https:\/\/lfs.paris\/#website"},"datePublished":"2026-02-04T12:21:48+00:00","dateModified":"2026-02-16T18:25:03+00:00","breadcrumb":{"@id":"https:\/\/lfs.paris\/index.php\/zones-dinterventions\/#breadcrumb"},"inLanguage":"fr-FR","potentialAction":[{"@type":"ReadAction","target":["https:\/\/lfs.paris\/index.php\/zones-dinterventions\/"]}]},{"@type":"BreadcrumbList","@id":"https:\/\/lfs.paris\/index.php\/zones-dinterventions\/#breadcrumb","itemListElement":[{"@type":"ListItem","position":1,"name":"Accueil","item":"https:\/\/lfs.paris\/"},{"@type":"ListItem","position":2,"name":"Zones d&rsquo;interventions"}]},{"@type":"WebSite","@id":"https:\/\/lfs.paris\/#website","url":"https:\/\/lfs.paris\/","name":"Les francs serruriers","description":"D\u00e9pannage d&#039;urgence","publisher":{"@id":"https:\/\/lfs.paris\/#organization"},"potentialAction":[{"@type":"SearchAction","target":{"@type":"EntryPoint","urlTemplate":"https:\/\/lfs.paris\/?s={search_term_string}"},"query-input":{"@type":"PropertyValueSpecification","valueRequired":true,"valueName":"search_term_string"}}],"inLanguage":"fr-FR"},{"@type":"Organization","@id":"https:\/\/lfs.paris\/#organization","name":"Les francs serruriers","url":"https:\/\/lfs.paris\/","logo":{"@type":"ImageObject","inLanguage":"fr-FR","@id":"https:\/\/lfs.paris\/#\/schema\/logo\/image\/","url":"https:\/\/lfs.paris\/wp-content\/uploads\/2026\/01\/WhatsApp-Image-2026-01-21-at-12.35.26.jpeg","contentUrl":"https:\/\/lfs.paris\/wp-content\/uploads\/2026\/01\/WhatsApp-Image-2026-01-21-at-12.35.26.jpeg","width":1024,"height":1024,"caption":"Les francs serruriers"},"image":{"@id":"https:\/\/lfs.paris\/#\/schema\/logo\/image\/"}}]}},"_links":{"self":[{"href":"https:\/\/lfs.paris\/index.php\/wp-json\/wp\/v2\/pages\/892","targetHints":{"allow":["GET"]}}],"collection":[{"href":"https:\/\/lfs.paris\/index.php\/wp-json\/wp\/v2\/pages"}],"about":[{"href":"https:\/\/lfs.paris\/index.php\/wp-json\/wp\/v2\/types\/page"}],"author":[{"embeddable":true,"href":"https:\/\/lfs.paris\/index.php\/wp-json\/wp\/v2\/users\/2"}],"replies":[{"embeddable":true,"href":"https:\/\/lfs.paris\/index.php\/wp-json\/wp\/v2\/comments?post=892"}],"version-history":[{"count":28,"href":"https:\/\/lfs.paris\/index.php\/wp-json\/wp\/v2\/pages\/892\/revisions"}],"predecessor-version":[{"id":1179,"href":"https:\/\/lfs.paris\/index.php\/wp-json\/wp\/v2\/pages\/892\/revisions\/1179"}],"wp:attachment":[{"href":"https:\/\/lfs.paris\/index.php\/wp-json\/wp\/v2\/media?parent=892"}],"curies":[{"name":"wp","href":"https:\/\/api.w.org\/{rel}","templated":true}]}}